{"id":1743,"date":"2019-12-05T09:17:16","date_gmt":"2019-12-05T09:17:16","guid":{"rendered":"https:\/\/demoapus2.com\/rekon\/?page_id=1743"},"modified":"2023-10-27T14:00:35","modified_gmt":"2023-10-27T14:00:35","slug":"uber-uns","status":"publish","type":"page","link":"https:\/\/jm-spezialtiefbau.de\/index.php\/uber-uns\/","title":{"rendered":"\u00dcber uns"},"content":{"rendered":"\t\t<div data-elementor-type=\"wp-page\" data-elementor-id=\"1743\" class=\"elementor elementor-1743\">\n\t\t\t\t\t\t\t\t\t<section class=\"elementor-section elementor-top-section elementor-element elementor-element-5d38cf0 elementor-section-stretched elementor-section-boxed elementor-section-height-default elementor-section-height-default\" data-id=\"5d38cf0\" data-element_type=\"section\" data-settings=\"{&quot;stretch_section&quot;:&quot;section-stretched&quot;}\">\n\t\t\t\t\t\t<div class=\"elementor-container elementor-column-gap-extended\">\n\t\t\t\t\t<div class=\"elementor-column elementor-col-50 elementor-top-column elementor-element elementor-element-969133f\" data-id=\"969133f\" data-element_type=\"column\">\n\t\t\t<div class=\"elementor-widget-wrap elementor-element-populated\">\n\t\t\t\t\t\t\t\t<div class=\"elementor-element elementor-element-f70cfd1 elementor-widget elementor-widget-image\" data-id=\"f70cfd1\" data-element_type=\"widget\" data-widget_type=\"image.default\">\n\t\t\t\t<div class=\"elementor-widget-container\">\n\t\t\t<style>\/*! elementor - v3.13.1 - 09-05-2023 *\/\n.elementor-widget-image{text-align:center}.elementor-widget-image a{display:inline-block}.elementor-widget-image a img[src$=\".svg\"]{width:48px}.elementor-widget-image img{vertical-align:middle;display:inline-block}<\/style>\t\t\t\t\t\t\t\t\t\t\t\t<img loading=\"lazy\" decoding=\"async\" width=\"660\" height=\"495\" src=\"https:\/\/jm-spezialtiefbau.de\/wp-content\/uploads\/2023\/05\/20230328_153713-1024x768.jpg\" class=\"attachment-large size-large wp-image-4207\" alt=\"\" srcset=\"https:\/\/jm-spezialtiefbau.de\/wp-content\/uploads\/2023\/05\/20230328_153713-1024x768.jpg 1024w, https:\/\/jm-spezialtiefbau.de\/wp-content\/uploads\/2023\/05\/20230328_153713-scaled-600x450.jpg 600w, https:\/\/jm-spezialtiefbau.de\/wp-content\/uploads\/2023\/05\/20230328_153713-300x225.jpg 300w, https:\/\/jm-spezialtiefbau.de\/wp-content\/uploads\/2023\/05\/20230328_153713-768x576.jpg 768w, https:\/\/jm-spezialtiefbau.de\/wp-content\/uploads\/2023\/05\/20230328_153713-1536x1152.jpg 1536w, https:\/\/jm-spezialtiefbau.de\/wp-content\/uploads\/2023\/05\/20230328_153713-2048x1536.jpg 2048w, https:\/\/jm-spezialtiefbau.de\/wp-content\/uploads\/2023\/05\/20230328_153713-460x345.jpg 460w\" sizes=\"auto, (max-width: 660px) 100vw, 660px\" \/>\t\t\t\t\t\t\t\t\t\t\t\t\t\t\t<\/div>\n\t\t\t\t<\/div>\n\t\t\t\t<div class=\"elementor-element elementor-element-04b48e5 elementor-widget elementor-widget-spacer\" data-id=\"04b48e5\" data-element_type=\"widget\" data-widget_type=\"spacer.default\">\n\t\t\t\t<div class=\"elementor-widget-container\">\n\t\t\t<style>\/*! elementor - v3.13.1 - 09-05-2023 *\/\n.elementor-column .elementor-spacer-inner{height:var(--spacer-size)}.e-con{--container-widget-width:100%}.e-con-inner>.elementor-widget-spacer,.e-con>.elementor-widget-spacer{width:var(--container-widget-width,var(--spacer-size));--align-self:var(--container-widget-align-self,initial);--flex-shrink:0}.e-con-inner>.elementor-widget-spacer>.elementor-widget-container,.e-con-inner>.elementor-widget-spacer>.elementor-widget-container>.elementor-spacer,.e-con>.elementor-widget-spacer>.elementor-widget-container,.e-con>.elementor-widget-spacer>.elementor-widget-container>.elementor-spacer{height:100%}.e-con-inner>.elementor-widget-spacer>.elementor-widget-container>.elementor-spacer>.elementor-spacer-inner,.e-con>.elementor-widget-spacer>.elementor-widget-container>.elementor-spacer>.elementor-spacer-inner{height:var(--container-widget-height,var(--spacer-size))}<\/style>\t\t<div class=\"elementor-spacer\">\n\t\t\t<div class=\"elementor-spacer-inner\"><\/div>\n\t\t<\/div>\n\t\t\t\t<\/div>\n\t\t\t\t<\/div>\n\t\t\t\t<div class=\"elementor-element elementor-element-0746546 elementor-widget elementor-widget-image\" data-id=\"0746546\" data-element_type=\"widget\" data-widget_type=\"image.default\">\n\t\t\t\t<div class=\"elementor-widget-container\">\n\t\t\t\t\t\t\t\t\t\t\t\t\t\t\t<img loading=\"lazy\" decoding=\"async\" width=\"660\" height=\"495\" src=\"https:\/\/jm-spezialtiefbau.de\/wp-content\/uploads\/2023\/10\/67c8a31e-d2c0-4e5d-9530-b5c913f65e57-1024x768.jpg\" class=\"attachment-large size-large wp-image-4365\" alt=\"\" srcset=\"https:\/\/jm-spezialtiefbau.de\/wp-content\/uploads\/2023\/10\/67c8a31e-d2c0-4e5d-9530-b5c913f65e57-1024x768.jpg 1024w, https:\/\/jm-spezialtiefbau.de\/wp-content\/uploads\/2023\/10\/67c8a31e-d2c0-4e5d-9530-b5c913f65e57-600x450.jpg 600w, https:\/\/jm-spezialtiefbau.de\/wp-content\/uploads\/2023\/10\/67c8a31e-d2c0-4e5d-9530-b5c913f65e57-300x225.jpg 300w, https:\/\/jm-spezialtiefbau.de\/wp-content\/uploads\/2023\/10\/67c8a31e-d2c0-4e5d-9530-b5c913f65e57-768x576.jpg 768w, https:\/\/jm-spezialtiefbau.de\/wp-content\/uploads\/2023\/10\/67c8a31e-d2c0-4e5d-9530-b5c913f65e57-1536x1152.jpg 1536w, https:\/\/jm-spezialtiefbau.de\/wp-content\/uploads\/2023\/10\/67c8a31e-d2c0-4e5d-9530-b5c913f65e57-460x345.jpg 460w, https:\/\/jm-spezialtiefbau.de\/wp-content\/uploads\/2023\/10\/67c8a31e-d2c0-4e5d-9530-b5c913f65e57.jpg 2000w\" sizes=\"auto, (max-width: 660px) 100vw, 660px\" \/>\t\t\t\t\t\t\t\t\t\t\t\t\t\t\t<\/div>\n\t\t\t\t<\/div>\n\t\t\t\t\t<\/div>\n\t\t<\/div>\n\t\t\t\t<div class=\"elementor-column elementor-col-50 elementor-top-column elementor-element elementor-element-1058d42\" data-id=\"1058d42\" data-element_type=\"column\">\n\t\t\t<div class=\"elementor-widget-wrap elementor-element-populated\">\n\t\t\t\t\t\t\t\t<div class=\"elementor-element elementor-element-3bbd28b elementor-widget elementor-widget-heading\" data-id=\"3bbd28b\" data-element_type=\"widget\" data-widget_type=\"heading.default\">\n\t\t\t\t<div class=\"elementor-widget-container\">\n\t\t\t<style>\/*! elementor - v3.13.1 - 09-05-2023 *\/\n.elementor-heading-title{padding:0;margin:0;line-height:1}.elementor-widget-heading .elementor-heading-title[class*=elementor-size-]>a{color:inherit;font-size:inherit;line-height:inherit}.elementor-widget-heading .elementor-heading-title.elementor-size-small{font-size:15px}.elementor-widget-heading .elementor-heading-title.elementor-size-medium{font-size:19px}.elementor-widget-heading .elementor-heading-title.elementor-size-large{font-size:29px}.elementor-widget-heading .elementor-heading-title.elementor-size-xl{font-size:39px}.elementor-widget-heading .elementor-heading-title.elementor-size-xxl{font-size:59px}<\/style><h2 class=\"elementor-heading-title elementor-size-default\">\u00dcber uns<\/h2>\t\t<\/div>\n\t\t\t\t<\/div>\n\t\t\t\t<div class=\"elementor-element elementor-element-a0f168d elementor-widget elementor-widget-heading\" data-id=\"a0f168d\" data-element_type=\"widget\" data-widget_type=\"heading.default\">\n\t\t\t\t<div class=\"elementor-widget-container\">\n\t\t\t<h3 class=\"elementor-heading-title elementor-size-default\">J&amp;M Spezialtiefbau<\/h3>\t\t<\/div>\n\t\t\t\t<\/div>\n\t\t\t\t<div class=\"elementor-element elementor-element-fcc3d31 elementor-widget elementor-widget-text-editor\" data-id=\"fcc3d31\" data-element_type=\"widget\" data-widget_type=\"text-editor.default\">\n\t\t\t\t<div class=\"elementor-widget-container\">\n\t\t\t<style>\/*! elementor - v3.13.1 - 09-05-2023 *\/\n.elementor-widget-text-editor.elementor-drop-cap-view-stacked .elementor-drop-cap{background-color:#69727d;color:#fff}.elementor-widget-text-editor.elementor-drop-cap-view-framed .elementor-drop-cap{color:#69727d;border:3px solid;background-color:transparent}.elementor-widget-text-editor:not(.elementor-drop-cap-view-default) .elementor-drop-cap{margin-top:8px}.elementor-widget-text-editor:not(.elementor-drop-cap-view-default) .elementor-drop-cap-letter{width:1em;height:1em}.elementor-widget-text-editor .elementor-drop-cap{float:left;text-align:center;line-height:1;font-size:50px}.elementor-widget-text-editor .elementor-drop-cap-letter{display:inline-block}<\/style>\t\t\t\t<p>Die J&amp;M Spezialtiefbau wurde als dynamisches und junges Unternehmen im Januar 2023 in Stadtbergen gegr\u00fcndet und spezialisiert sich auf folgende Bereiche:<\/p><ul><li><strong>Holzverbau, Holzausbau, Absturzsicherung, Ankerl\u00f6sen, Tr\u00e4ger schneiden<\/strong><\/li><li><strong>Spritzbeton<\/strong><\/li><li><strong>Kernbohrarbeiten<\/strong><\/li><li><strong>Schablonenbau<\/strong><\/li><li><strong>Abstemmen von Bohrpf\u00e4hlen und Schlitzw\u00e4nden<\/strong><\/li><li><strong>Diverse Nebent\u00e4tigkeiten im Spezialtiefbau<\/strong><\/li><\/ul><p>Erg\u00e4nzt wird das Unternehmen von Mitarbeitern die bereits jahrzehntelange Berufserfahrung im Tiefbau bzw. Spezialtiefbau nachweisen.<\/p><p>Wir arbeiten bereits mit unseren Partnern Deutschlandweit und stehen Ihnen schnellstm\u00f6glich zur Verf\u00fcgung.<\/p><p>Nach Wunsch \u00fcbersenden wir Ihnen die Preisliste, die wir gerne nach der Auftragsgr\u00f6\u00dfe anpassen k\u00f6nnen.<\/p><p>Falls sie noch R\u00fcckfragen haben sollten, k\u00f6nnen Sie uns jeder zeit per E-Mail oder\u00a0telefonisch unter +4917637995578 erreichen.<\/p><p>Wir freuen uns mit Ihnen zusammen arbeiten zu d\u00fcrfen.<\/p>\t\t\t\t\t\t<\/div>\n\t\t\t\t<\/div>\n\t\t\t\t\t<\/div>\n\t\t<\/div>\n\t\t\t\t\t\t\t<\/div>\n\t\t<\/section>\n\t\t\t\t\t\t\t<\/div>\n\t\t","protected":false},"excerpt":{"rendered":"<p>\u00dcber uns J&amp;M Spezialtiefbau Die J&amp;M Spezialtiefbau wurde als dynamisches und junges Unternehmen im Januar 2023 in Stadtbergen gegr\u00fcndet und spezialisiert sich auf folgende Bereiche: Holzverbau, Holzausbau, Absturzsicherung, Ankerl\u00f6sen, Tr\u00e4ger schneiden Spritzbeton Kernbohrarbeiten Schablonenbau Abstemmen von Bohrpf\u00e4hlen und Schlitzw\u00e4nden Diverse Nebent\u00e4tigkeiten im Spezialtiefbau Erg\u00e4nzt wird das Unternehmen von Mitarbeitern die bereits jahrzehntelange Berufserfahrung im Tiefbau &hellip; <br \/><a href=\"https:\/\/jm-spezialtiefbau.de\/index.php\/uber-uns\/\" class=\"more-link\">Continue reading <span class=\"screen-reader-text\">\u00dcber uns<\/span><\/a><\/p>\n","protected":false},"author":1,"featured_media":0,"parent":0,"menu_order":0,"comment_status":"closed","ping_status":"closed","template":"","meta":{"footnotes":""},"class_list":["post-1743","page","type-page","status-publish","hentry"],"_links":{"self":[{"href":"https:\/\/jm-spezialtiefbau.de\/index.php\/wp-json\/wp\/v2\/pages\/1743","targetHints":{"allow":["GET"]}}],"collection":[{"href":"https:\/\/jm-spezialtiefbau.de\/index.php\/wp-json\/wp\/v2\/pages"}],"about":[{"href":"https:\/\/jm-spezialtiefbau.de\/index.php\/wp-json\/wp\/v2\/types\/page"}],"author":[{"embeddable":true,"href":"https:\/\/jm-spezialtiefbau.de\/index.php\/wp-json\/wp\/v2\/users\/1"}],"replies":[{"embeddable":true,"href":"https:\/\/jm-spezialtiefbau.de\/index.php\/wp-json\/wp\/v2\/comments?post=1743"}],"version-history":[{"count":10,"href":"https:\/\/jm-spezialtiefbau.de\/index.php\/wp-json\/wp\/v2\/pages\/1743\/revisions"}],"predecessor-version":[{"id":4394,"href":"https:\/\/jm-spezialtiefbau.de\/index.php\/wp-json\/wp\/v2\/pages\/1743\/revisions\/4394"}],"wp:attachment":[{"href":"https:\/\/jm-spezialtiefbau.de\/index.php\/wp-json\/wp\/v2\/media?parent=1743"}],"curies":[{"name":"wp","href":"https:\/\/api.w.org\/{rel}","templated":true}]}}